{"id":38,"date":"2014-12-16T16:14:32","date_gmt":"2014-12-16T16:14:32","guid":{"rendered":"https:\/\/themify.me\/demo\/themes\/fullpane\/?page_id=2930"},"modified":"2025-12-18T22:02:35","modified_gmt":"2025-12-18T21:02:35","slug":"home","status":"publish","type":"page","link":"https:\/\/japanischemedizin.com\/","title":{"rendered":"START"},"content":{"rendered":"<!-- wp:themify-builder\/canvas \/-->","protected":false},"excerpt":{"rendered":"","protected":false},"author":1,"featured_media":0,"parent":0,"menu_order":0,"comment_status":"closed","ping_status":"closed","template":"","meta":{"footnotes":""},"class_list":["post-38","page","type-page","status-publish","hentry","has-post-title","has-post-date","has-post-category","has-post-tag","has-post-comment","has-post-author",""],"builder_content":"<img src=\"https:\/\/hosting156101.a2ee8.netcup.net\/japanischemedizin\/wp-content\/uploads\/2020\/05\/logo_noell.png\" width=\"134\" height=\"70\" title=\"START\" alt=\"START\">\n<h1 style=\"text-align: center;\">Japanische Medizin<\/h1> <p>&nbsp;<\/p>\n<h2>Willkommen<\/h2> <p>Die Traditionelle Japanische Medizin umfasst in erster Linie die Japanische Arzneipflanzentherapie (Kampo-Medizin) und die Japanische Akupunktur. Beide haben zwar ihre Wurzeln im chinesischen Altertum, durch einen Anpassungsprozess an die japanischen Verh\u00e4ltnisse und den Einfluss genialer \u00c4rztepers\u00f6nlichkeiten entstanden jedoch eigenst\u00e4ndige Heilmethoden.<\/p> <p>&nbsp;<\/p>\n<img src=\"https:\/\/hosting156101.a2ee8.netcup.net\/japanischemedizin\/wp-content\/uploads\/2020\/05\/23333495_s.jpg\" width=\"700\" title=\"START\" alt=\"START\">\n<h2>Unsere Philosophie<\/h2> <p>Tiefgreifende Ver\u00e4nderungen unserer Lebensumst\u00e4nde haben dazu gef\u00fchrt, dass das innere Gleichgewicht heute bei vielen Menschen erheblich gest\u00f6rt ist.<\/p> <p>Es entstehen z.B. Magen-Darm-St\u00f6rungen, Allergien, Stoffwechselerkrankungen, Schlafst\u00f6rungen, Depressionen, Herz-Kreislauf-Probleme, h\u00e4ufig wiederkehrende Infekte und chronische Schmerzen.<\/p> <p>Diese h\u00e4ufig therapieresistenten Erkrankungen k\u00f6nnen durch eine Verbesserung des Inneren Gleichgewichts und Mobilisierung der Selbstheilungskr\u00e4fte g\u00fcnstig beeinflusst werden.<\/p>\n<a href=\"http:\/\/japan.praxis-dr-noell.de\/?page_id=346\" > Mehr... <\/a>\n<h2>Das medizinische Konzept<\/h2> <p>Jede Krankheit zeigt, dass der Mensch aus seinem inneren Gleichgewicht geraten ist. Ziel meiner Behandlung ist es, dieses Gleichgewicht m\u00f6glichst wieder herzustellen. Dabei st\u00fctze ich mich auf vier S\u00e4ulen: Akupunktur, Kampo-Medizin, TCM-Ern\u00e4hrung und Atmung.<\/p> <p>Ich kombiniere ausgew\u00e4hlte diagnostische und therapeutische Verfahren, um individuell auf jeden Patienten und sein Problem einzugehen.<\/p> <p>\u00a0<\/p>\n<a href=\"http:\/\/japan.praxis-dr-noell.de\/?page_id=334\" > Mehr... <\/a>\n<img src=\"https:\/\/hosting156101.a2ee8.netcup.net\/japanischemedizin\/wp-content\/uploads\/2020\/05\/101224998_m.jpg\" width=\"700\" height=\"1672\" title=\"START\" alt=\"START\">\n<a href=\"https:\/\/hosting156101.a2ee8.netcup.net\/japanischemedizin\/home\/kiiko-matsumoto\/\" > <img src=\"http:\/\/japan.praxis-dr-noell.de\/wp-content\/uploads\/2020\/05\/127965830_s.jpg\" height=\"200\" title=\"Japanische Akupunktur\" alt=\"Japanische Akupunktur\"> <\/a> <h3> <a href=\"https:\/\/hosting156101.a2ee8.netcup.net\/japanischemedizin\/home\/kiiko-matsumoto\/\" > Japanische Akupunktur <\/a> <\/h3> nach Kiiko Matsumoto\n<a href=\"https:\/\/japanisch.zwaro.de\/dr-yamamoto\/\" > <img src=\"http:\/\/japan.praxis-dr-noell.de\/wp-content\/uploads\/2020\/05\/101224998_m.jpg\" width=\"2508\" height=\"200\" title=\"Japanische Akupunktur \" alt=\"Japanische Akupunktur\"> <\/a> <h3> <a href=\"https:\/\/japanisch.zwaro.de\/dr-yamamoto\/\" > Japanische Akupunktur <\/a> <\/h3> nach Dr. Yamamoto\n<a href=\"https:\/\/hosting156101.a2ee8.netcup.net\/japanischemedizin\/home\/chinesische-akupunktur\/\" > <img src=\"http:\/\/japan.praxis-dr-noell.de\/wp-content\/uploads\/2020\/11\/31339485_s.png\" width=\"848\" height=\"200\" title=\"Chinesische Akupunktur\" alt=\"Chinesische Akupunktur\"> <\/a> <h3> <a href=\"https:\/\/hosting156101.a2ee8.netcup.net\/japanischemedizin\/home\/chinesische-akupunktur\/\" > Chinesische Akupunktur <\/a> <\/h3> Reizung von Akupunkturpunkten durch Nadeln\n<a href=\"https:\/\/hosting156101.a2ee8.netcup.net\/japanischemedizin\/home\/moxa\/\" > <img src=\"http:\/\/japan.praxis-dr-noell.de\/wp-content\/uploads\/2020\/05\/103260228_s.jpg\" width=\"848\" height=\"200\" title=\"Moxa\" alt=\"Moxa\"> <\/a> <h3> <a href=\"https:\/\/hosting156101.a2ee8.netcup.net\/japanischemedizin\/home\/moxa\/\" > Moxa <\/a> <\/h3> uraltes Heilverfahren aus der traditionellen chinesischen Medizin\n<a href=\"https:\/\/hosting156101.a2ee8.netcup.net\/japanischemedizin\/home\/akutaping\/\" > <img src=\"http:\/\/japan.praxis-dr-noell.de\/wp-content\/uploads\/2020\/05\/143950074_s.jpg\" height=\"200\" title=\"Akutaping\" alt=\"Akutaping\"> <\/a> <h3> <a href=\"https:\/\/hosting156101.a2ee8.netcup.net\/japanischemedizin\/home\/akutaping\/\" > Akutaping <\/a> <\/h3> Beim Aku-Taping werden dehnbare Klebestreifen direkt auf die Haut geklebt.\n<a href=\"https:\/\/hosting156101.a2ee8.netcup.net\/japanischemedizin\/home\/kampo-medizin\/\" > <img src=\"http:\/\/japan.praxis-dr-noell.de\/wp-content\/uploads\/2020\/05\/12882850_s.jpg\" width=\"400\" height=\"200\" title=\"Kampo Medizin\" alt=\"Kampo Medizin\"> <\/a> <h3> <a href=\"https:\/\/hosting156101.a2ee8.netcup.net\/japanischemedizin\/home\/kampo-medizin\/\" > Kampo Medizin <\/a> <\/h3> in Japan praktizierte Traditionelle Ostasiatische Arzneipflanzentherapie.\n<a href=\"https:\/\/hosting156101.a2ee8.netcup.net\/japanischemedizin\/home\/ernaehrungstheraphie\/\" > <img src=\"http:\/\/japan.praxis-dr-noell.de\/wp-content\/uploads\/2020\/05\/52585808_m-e1605189825763.jpg\" width=\"848\" height=\"200\" title=\"Ern\u00e4hrungstherapie nach TCM\" alt=\"Ern\u00e4hrungstherapie nach TCM\"> <\/a> <h3> <a href=\"https:\/\/hosting156101.a2ee8.netcup.net\/japanischemedizin\/home\/ernaehrungstheraphie\/\" > Ern\u00e4hrungstherapie nach TCM <\/a> <\/h3> Ern\u00e4hrung nach Traditioneller Chinesischer Medizin\n<a href=\"https:\/\/hosting156101.a2ee8.netcup.net\/japanischemedizin\/home\/applied-kinesiology\/\" > <img src=\"http:\/\/japan.praxis-dr-noell.de\/wp-content\/uploads\/2020\/11\/88062214_s.png\" width=\"848\" height=\"200\" title=\"Applied Kinesiology\" alt=\"Applied Kinesiology\"> <\/a> <h3> <a href=\"https:\/\/hosting156101.a2ee8.netcup.net\/japanischemedizin\/home\/applied-kinesiology\/\" > Applied Kinesiology <\/a> <\/h3> diagnostische M\u00f6glichkeit zur Reaktionslage lebender Systeme\n<a href=\"https:\/\/hosting156101.a2ee8.netcup.net\/japanischemedizin\/home\/neuraltheraphie\/\" > <img src=\"http:\/\/japan.praxis-dr-noell.de\/wp-content\/uploads\/2020\/05\/111522907_s-1.jpg\" height=\"200\" title=\"Neuraltherapie\" alt=\"Neuraltherapie\"> <\/a> <h3> <a href=\"https:\/\/hosting156101.a2ee8.netcup.net\/japanischemedizin\/home\/neuraltheraphie\/\" > Neuraltherapie <\/a> <\/h3> St\u00f6rfeldersuche, ausschalten von Beschwerden mit Lokalan\u00e4sthetika.\n<h2>Fortbildungsforum<\/h2> <p>Auf dieser Seite soll ein Fortbildungsforum f\u00fcr Japanische Medizin entstehen.<\/p> <p>Es soll gesellschaftsunabh\u00e4ngig sein und alle Bereiche der Japanischen Medizin von Akupunktur \u00fcber Kampo und Shonishin bis zu Shiatsu abdecken.<\/p> <p>Eine Gew\u00e4hrleistung f\u00fcr die zusammengetragenen Termine kann nicht \u00fcbernommen werden.<\/p> <p>Ich werde hier alle mir am besten als PDF mitgeteilten Termine ver\u00f6ffentlichen.<\/p>\n<h3>Kurse<\/h3> <p>Termine und angebotene Kurse \u00fcber Japanische Medizin.<\/p> <p>\u00a0<\/p>\n<a href=\"http:\/\/japan.praxis-dr-noell.de\/?page_id=473\" > Mehr... <\/a>\n<h3>Fortbildungsreisen<\/h3> <p>Angebote von Fortbildungsreisen nach Japan und China.<\/p> <p>\u00a0<\/p>\n<a href=\"http:\/\/japan.praxis-dr-noell.de\/?page_id=476\" > Mehr... <\/a>\n<h4>Sonstiges<\/h4> <p>Wissenswertes und Interessantes \u00fcber aktuelle Neuigkeiten.<\/p> <p>\u00a0<\/p>\n<a href=\"http:\/\/japan.praxis-dr-noell.de\/?page_id=478\" > Mehr... <\/a>\n<h2>Japanische Medizin<\/h2> <p><strong>Dr. med. Reinhold N\u00f6ll<\/strong><br \/>Facharzt f\u00fcr Allgemeinmedizin<br \/>Sportmedizin, Chirotherapie, Notfallmedizin<br \/>Akupunktur<\/p> <p><strong>Besondere Untersuchungs- und Behandlungsmethoden:<\/strong><br \/>Ostasiatische Medizin<\/p> <p>Sprechstunden nach Vereinbarung!<\/p> <p>Schlo\u00dfstra\u00dfe 8<br \/>95145 Oberkotzau<br \/>Tel.: 09286\/9653457<\/p> <p><strong>T\u00e4tigkeitsschwerpunkte:<\/strong><br \/>Japanische Akupunktur \/ Moxa<br \/>Kampomedizin<br \/>Ern\u00e4hrungstherapie nach TCM<\/p>\n<h3><\/h3><iframe frameborder=\"0\" scrolling=\"no\" marginheight=\"0\" marginwidth=\"0\" src=\"https:\/\/maps.google.com\/maps?q=Dr.+med.+Reinhold+N%C3%B6ll+Facharzt+f%C3%BCr+Allgemeinmedizin+Schlo%C3%9Fstra%C3%9Fe+8+95145+Oberkotzau+Tel.%3A+09286%2F9653457&amp;t=m&amp;z=8&amp;output=embed&amp;iwloc=near\"><\/iframe>","_links":{"self":[{"href":"https:\/\/japanischemedizin.com\/wp-json\/wp\/v2\/pages\/38","targetHints":{"allow":["GET"]}}],"collection":[{"href":"https:\/\/japanischemedizin.com\/wp-json\/wp\/v2\/pages"}],"about":[{"href":"https:\/\/japanischemedizin.com\/wp-json\/wp\/v2\/types\/page"}],"author":[{"embeddable":true,"href":"https:\/\/japanischemedizin.com\/wp-json\/wp\/v2\/users\/1"}],"replies":[{"embeddable":true,"href":"https:\/\/japanischemedizin.com\/wp-json\/wp\/v2\/comments?post=38"}],"version-history":[{"count":211,"href":"https:\/\/japanischemedizin.com\/wp-json\/wp\/v2\/pages\/38\/revisions"}],"predecessor-version":[{"id":790,"href":"https:\/\/japanischemedizin.com\/wp-json\/wp\/v2\/pages\/38\/revisions\/790"}],"wp:attachment":[{"href":"https:\/\/japanischemedizin.com\/wp-json\/wp\/v2\/media?parent=38"}],"curies":[{"name":"wp","href":"https:\/\/api.w.org\/{rel}","templated":true}]}}